{"id":15,"date":"2021-02-13T10:42:07","date_gmt":"2021-02-13T10:42:07","guid":{"rendered":"http:\/\/www.yhdessavihaavastaan.fi\/?page_id=15"},"modified":"2022-09-08T07:51:11","modified_gmt":"2022-09-08T07:51:11","slug":"report-racist-incidents","status":"publish","type":"page","link":"https:\/\/www.yhdessavihaavastaan.fi\/sv\/report-racist-incidents\/","title":{"rendered":"Report Racist Incidents"},"content":{"rendered":"<div data-elementor-type=\"wp-page\" data-elementor-id=\"15\" class=\"elementor elementor-15\">\n\t\t\t\t\t\t\t\t\t<section class=\"elementor-section elementor-top-section elementor-element elementor-element-c43705d elementor-section-boxed elementor-section-height-default elementor-section-height-default\" data-id=\"c43705d\" data-element_type=\"section\" data-settings=\"{&quot;background_background&quot;:&quot;classic&quot;,&quot;animation_tablet&quot;:&quot;none&quot;,&quot;animation_mobile&quot;:&quot;none&quot;}\">\n\t\t\t\t\t\t<div class=\"elementor-container elementor-column-gap-default\">\n\t\t\t\t\t<div class=\"elementor-column elementor-col-100 elementor-top-column elementor-element elementor-element-68889af\" data-id=\"68889af\" data-element_type=\"column\">\n\t\t\t<div class=\"elementor-widget-wrap elementor-element-populated\">\n\t\t\t\t\t\t\t\t<div class=\"elementor-element elementor-element-7751a89 elementor-widget elementor-widget-heading\" data-id=\"7751a89\" data-element_type=\"widget\" data-settings=\"{&quot;_animation_mobile&quot;:&quot;none&quot;,&quot;_animation_tablet&quot;:&quot;none&quot;}\" data-widget_type=\"heading.default\">\n\t\t\t\t<div class=\"elementor-widget-container\">\n\t\t\t<h2 class=\"elementor-heading-title elementor-size-default\">Rapportera en hathandling<\/h2>\t\t<\/div>\n\t\t\t\t<\/div>\n\t\t\t\t\t<\/div>\n\t\t<\/div>\n\t\t\t\t\t\t\t<\/div>\n\t\t<\/section>\n\t\t\t\t<section class=\"elementor-section elementor-top-section elementor-element elementor-element-0fdd749 elementor-section-boxed elementor-section-height-default elementor-section-height-default\" data-id=\"0fdd749\" data-element_type=\"section\" data-settings=\"{&quot;background_background&quot;:&quot;classic&quot;,&quot;animation&quot;:&quot;none&quot;,&quot;animation_tablet&quot;:&quot;none&quot;}\">\n\t\t\t\t\t\t<div class=\"elementor-container elementor-column-gap-default\">\n\t\t\t\t\t<div class=\"elementor-column elementor-col-100 elementor-top-column elementor-element elementor-element-212e7cc\" data-id=\"212e7cc\" data-element_type=\"column\">\n\t\t\t<div class=\"elementor-widget-wrap elementor-element-populated\">\n\t\t\t\t\t\t\t\t<div class=\"elementor-element elementor-element-3ddd8e2 elementor-widget elementor-widget-wp-widget-frm_show_form\" data-id=\"3ddd8e2\" data-element_type=\"widget\" data-settings=\"{&quot;_animation&quot;:&quot;none&quot;}\" data-widget_type=\"wp-widget-frm_show_form.default\">\n\t\t\t\t<div class=\"elementor-widget-container\">\n\t\t\t<div class=\"frm_form_widget\"><div class=\"frm_forms  with_frm_style frm_style_formidable-style\" id=\"frm_form_2_container\" >\n<form enctype=\"multipart\/form-data\" method=\"post\" class=\"frm-show-form  frm_ajax_submit  frm_pro_form  frm_slidein\" id=\"form_yhdessavihaavastaan-form\" action=\"\"  >\n<div class=\"frm_form_fields  frm_page_num_1\">\n<fieldset>\n<legend class=\"frm_screen_reader\">Yhdess\u00e4 Vihaa Vastaan<\/legend>\r\n\r\n<div class=\"frm_fields_container\">\n<input type=\"hidden\" name=\"frm_action\" value=\"create\" \/>\n<input type=\"hidden\" name=\"form_id\" value=\"2\" \/>\n<input type=\"hidden\" name=\"frm_hide_fields_2\" id=\"frm_hide_fields_2\" value=\"\" \/>\n<input type=\"hidden\" name=\"form_key\" value=\"yhdessavihaavastaan-form\" \/>\n<input type=\"hidden\" name=\"item_meta[0]\" value=\"\" \/>\n<input type=\"hidden\" id=\"frm_submit_entry_2\" name=\"frm_submit_entry_2\" value=\"eac917c20b\" \/><input type=\"hidden\" name=\"_wp_http_referer\" value=\"\/sv\/wp-json\/wp\/v2\/pages\/15\" \/><div id=\"frm_field_6_container\" class=\"frm_form_field  frm_html_container form-field\">\n<h3>H\u00e4ndelseinformation<\/h3>\n<\/div>\n<div id=\"frm_field_7_container\" class=\"frm_form_field form-field  frm_required_field frm_top_container vertical_radio\">\r\n    <div  id=\"field_coe3f_label\" class=\"frm_primary_label\">Vilket slags h\u00e4ndelse handlar det om?\r\n        <span class=\"frm_required\">*<\/span>\r\n    <\/div>\r\n    <div class=\"frm_opt_container\" aria-labelledby=\"field_coe3f_label\" role=\"radiogroup\" aria-required=\"true\">\t\t<div class=\"frm_radio\" id=\"frm_radio_7-0\"><label for=\"field_coe3f-0\">\t\t<input type=\"radio\" name=\"item_meta[7]\" id=\"field_coe3f-0\" value=\"Vihapuhe\"\n\t\tchecked=\"checked\"   data-frmval=\"Vihapuhe\" data-reqmsg=\"This field cannot be blank.\" data-invmsg=\"Miten luokittelisit tapauksen? \u00e4r ogiltigt\" aria-invalid=\"false\"  \/> Hatiska uttalanden<\/label><\/div>\n\t\t<div class=\"frm_radio\" id=\"frm_radio_7-1\"><label for=\"field_coe3f-1\">\t\t<input type=\"radio\" name=\"item_meta[7]\" id=\"field_coe3f-1\" value=\"Graffiti\"\n\t\t   data-frmval=\"Vihapuhe\" data-reqmsg=\"This field cannot be blank.\" data-invmsg=\"Miten luokittelisit tapauksen? \u00e4r ogiltigt\" aria-invalid=\"false\"  \/> Grafitti<\/label><\/div>\n\t\t<div class=\"frm_radio\" id=\"frm_radio_7-2\"><label for=\"field_coe3f-2\">\t\t<input type=\"radio\" name=\"item_meta[7]\" id=\"field_coe3f-2\" value=\"Vihateko tai syrjint\u00e4\"\n\t\t   data-frmval=\"Vihapuhe\" data-reqmsg=\"This field cannot be blank.\" data-invmsg=\"Miten luokittelisit tapauksen? \u00e4r ogiltigt\" aria-invalid=\"false\"  \/> Hatbrott eller diskriminering<\/label><\/div>\n<\/div>\r\n    \r\n    \r\n<\/div>\n<div id=\"frm_field_8_container\" class=\"frm_form_field form-field  frm_inline_container app-date-picker\">\r\n    <label for=\"field_q9kxa\" id=\"field_q9kxa_label\" class=\"frm_primary_label\">Datum \r\n        <span class=\"frm_required\"><\/span>\r\n    <\/label>\r\n    <input type=\"text\" id=\"field_q9kxa\" name=\"item_meta[8]\" value=\"\"  data-invmsg=\"Date is invalid\" class=\"frm_date\" aria-invalid=\"false\"  \/>\r\n    \r\n    \r\n<\/div>\n<div id=\"frm_field_9_container\" class=\"frm_form_field form-field  frm_top_container vertical_radio frm_other_container\">\r\n    <div  id=\"field_sklg6_label\" class=\"frm_primary_label\">Hatiska uttalanden\r\n        <span class=\"frm_required\"><\/span>\r\n    <\/div>\r\n    <div class=\"frm_opt_container\" aria-labelledby=\"field_sklg6_label\" role=\"radiogroup\">\t\t<div class=\"frm_radio\" id=\"frm_radio_9-0\"><label for=\"field_sklg6-0\">\t\t<input type=\"radio\" name=\"item_meta[9]\" id=\"field_sklg6-0\" value=\"Vihapuhe mediassa\"\n\t\tchecked=\"checked\"   data-frmval=\"Vihapuhe mediassa\" data-invmsg=\"Vihapuhe: \u00e4r ogiltigt\" aria-invalid=\"false\"  \/> Hatiska uttalanden i medier<\/label><\/div>\n\t\t<div class=\"frm_radio\" id=\"frm_radio_9-1\"><label for=\"field_sklg6-1\">\t\t<input type=\"radio\" name=\"item_meta[9]\" id=\"field_sklg6-1\" value=\"Vihapuhe sosiaalisessa mediassa\"\n\t\t   data-frmval=\"Vihapuhe mediassa\" data-invmsg=\"Vihapuhe: \u00e4r ogiltigt\" aria-invalid=\"false\"  \/> Hatiska uttalanden p\u00e5 sociala medier<\/label><\/div>\n\t\t<div class=\"frm_radio\" id=\"frm_radio_9-2\"><label for=\"field_sklg6-2\">\t\t<input type=\"radio\" name=\"item_meta[9]\" id=\"field_sklg6-2\" value=\"Vihapuhe julkisuudessa\"\n\t\t   data-frmval=\"Vihapuhe mediassa\" data-invmsg=\"Vihapuhe: \u00e4r ogiltigt\" aria-invalid=\"false\"  \/> Hatiska uttalanden i offentligheten<\/label><\/div>\n\t\t<div class=\"frm_radio\" id=\"frm_radio_9-other_3\"><label for=\"field_sklg6-other_3\">\t\t<input type=\"radio\" name=\"item_meta[9]\" id=\"field_sklg6-other_3\" value=\"Muu...\"\n\t\t   data-frmval=\"Vihapuhe mediassa\" data-invmsg=\"Vihapuhe: \u00e4r ogiltigt\" aria-invalid=\"false\"  \/> \u00d6vrig...<\/label><label for=\"field_sklg6-other_3-otext\" class=\"frm_screen_reader frm_hidden\">\u00d6vrig...<\/label><input type=\"text\" id=\"field_sklg6-other_3-otext\" class=\"frm_other_input frm_pos_none\"  name=\"item_meta[other][9]\" value=\"\" \/><\/div>\n<\/div>\r\n    \r\n    \r\n<\/div>\n<div id=\"frm_field_40_container\" class=\"frm_form_field form-field  frm_top_container vertical_radio frm_other_container\">\r\n    <div  id=\"field_it7qk_label\" class=\"frm_primary_label\">Hatbrott eller diskriminering\r\n        <span class=\"frm_required\"><\/span>\r\n    <\/div>\r\n    <div class=\"frm_opt_container\" aria-labelledby=\"field_it7qk_label\" role=\"group\">\t\t<div class=\"frm_checkbox\" id=\"frm_checkbox_40-0\"><label for=\"field_it7qk-0\"><input type=\"checkbox\" name=\"item_meta[40][]\" id=\"field_it7qk-0\" value=\"Syrjint\u00e4 asuntomarkkinoilla\"  data-invmsg=\"Vihateko tai syrjint\u00e4 \u00e4r ogiltigt\" aria-invalid=\"false\"   \/> Diskriminering p\u00e5 bostadsmarknaden<\/label><\/div>\n\t\t<div class=\"frm_checkbox\" id=\"frm_checkbox_40-1\"><label for=\"field_it7qk-1\"><input type=\"checkbox\" name=\"item_meta[40][]\" id=\"field_it7qk-1\" value=\"Sis\u00e4\u00e4np\u00e4\u00e4syn ev\u00e4\u00e4minen\"  data-invmsg=\"Vihateko tai syrjint\u00e4 \u00e4r ogiltigt\" aria-invalid=\"false\"   \/> V\u00e4gra tilltr\u00e4de<\/label><\/div>\n\t\t<div class=\"frm_checkbox\" id=\"frm_checkbox_40-2\"><label for=\"field_it7qk-2\"><input type=\"checkbox\" name=\"item_meta[40][]\" id=\"field_it7qk-2\" value=\"Syrjint\u00e4 ty\u00f6ss\u00e4\"  data-invmsg=\"Vihateko tai syrjint\u00e4 \u00e4r ogiltigt\" aria-invalid=\"false\"   \/> Syrjint\u00e4 ty\u00f6ss\u00e4<\/label><\/div>\n\t\t<div class=\"frm_checkbox\" id=\"frm_checkbox_40-other_16\"><label for=\"field_it7qk-other_16\"><input type=\"checkbox\" name=\"item_meta[40][other_16]\" id=\"field_it7qk-other_16\" value=\"Syrjint\u00e4 ty\u00f6nhaussa\"  data-invmsg=\"Vihateko tai syrjint\u00e4 \u00e4r ogiltigt\" aria-invalid=\"false\"   \/> Syrjint\u00e4 ty\u00f6nhaussa<\/label><label for=\"field_it7qk-other_16-otext\" class=\"frm_screen_reader frm_hidden\">Syrjint\u00e4 ty\u00f6nhaussa<\/label><input type=\"text\" id=\"field_it7qk-other_16-otext\" class=\"frm_other_input frm_pos_none\"  name=\"item_meta[other][40][other_16]\" value=\"\" \/><\/div>\n\t\t<div class=\"frm_checkbox\" id=\"frm_checkbox_40-3\"><label for=\"field_it7qk-3\"><input type=\"checkbox\" name=\"item_meta[40][]\" id=\"field_it7qk-3\" value=\"Palvelun ev\u00e4\u00e4minen tai ep\u00e4asiallisen palvelun saaminen\"  data-invmsg=\"Vihateko tai syrjint\u00e4 \u00e4r ogiltigt\" aria-invalid=\"false\"   \/> V\u00e4gra betj\u00e4ning eller ge d\u00e5lig betj\u00e4ning<\/label><\/div>\n\t\t<div class=\"frm_checkbox\" id=\"frm_checkbox_40-4\"><label for=\"field_it7qk-4\"><input type=\"checkbox\" name=\"item_meta[40][]\" id=\"field_it7qk-4\" value=\"V\u00e4kivalta\"  data-invmsg=\"Vihateko tai syrjint\u00e4 \u00e4r ogiltigt\" aria-invalid=\"false\"   \/> V\u00e5ld<\/label><\/div>\n\t\t<div class=\"frm_checkbox\" id=\"frm_checkbox_40-6\"><label for=\"field_it7qk-6\"><input type=\"checkbox\" name=\"item_meta[40][]\" id=\"field_it7qk-6\" value=\"Seksuaalinen v\u00e4kivalta\"  data-invmsg=\"Vihateko tai syrjint\u00e4 \u00e4r ogiltigt\" aria-invalid=\"false\"   \/> Sexuella \u00f6vergrepp<\/label><\/div>\n\t\t<div class=\"frm_checkbox\" id=\"frm_checkbox_40-5\"><label for=\"field_it7qk-5\"><input type=\"checkbox\" name=\"item_meta[40][]\" id=\"field_it7qk-5\" value=\"Varkaus\"  data-invmsg=\"Vihateko tai syrjint\u00e4 \u00e4r ogiltigt\" aria-invalid=\"false\"   \/> St\u00f6ld<\/label><\/div>\n\t\t<div class=\"frm_checkbox\" id=\"frm_checkbox_40-7\"><label for=\"field_it7qk-7\"><input type=\"checkbox\" name=\"item_meta[40][]\" id=\"field_it7qk-7\" value=\"Aseen k\u00e4ytt\u00f6\"  data-invmsg=\"Vihateko tai syrjint\u00e4 \u00e4r ogiltigt\" aria-invalid=\"false\"   \/> Anv\u00e4ndning av vapen<\/label><\/div>\n\t\t<div class=\"frm_checkbox\" id=\"frm_checkbox_40-8\"><label for=\"field_it7qk-8\"><input type=\"checkbox\" name=\"item_meta[40][]\" id=\"field_it7qk-8\" value=\"Omaisuuden vahingoittaminen\"  data-invmsg=\"Vihateko tai syrjint\u00e4 \u00e4r ogiltigt\" aria-invalid=\"false\"   \/> Omaisuuden vahingoittaminen<\/label><\/div>\n\t\t<div class=\"frm_checkbox\" id=\"frm_checkbox_40-9\"><label for=\"field_it7qk-9\"><input type=\"checkbox\" name=\"item_meta[40][]\" id=\"field_it7qk-9\" value=\"Tappouhkaukset\"  data-invmsg=\"Vihateko tai syrjint\u00e4 \u00e4r ogiltigt\" aria-invalid=\"false\"   \/> Tappouhkaukset<\/label><\/div>\n\t\t<div class=\"frm_checkbox\" id=\"frm_checkbox_40-10\"><label for=\"field_it7qk-10\"><input type=\"checkbox\" name=\"item_meta[40][]\" id=\"field_it7qk-10\" value=\"Sanallinen solvaus\"  data-invmsg=\"Vihateko tai syrjint\u00e4 \u00e4r ogiltigt\" aria-invalid=\"false\"   \/> Verbal misshandel<\/label><\/div>\n\t\t<div class=\"frm_checkbox\" id=\"frm_checkbox_40-11\"><label for=\"field_it7qk-11\"><input type=\"checkbox\" name=\"item_meta[40][]\" id=\"field_it7qk-11\" value=\"Uhkailu\"  data-invmsg=\"Vihateko tai syrjint\u00e4 \u00e4r ogiltigt\" aria-invalid=\"false\"   \/> Hot<\/label><\/div>\n\t\t<div class=\"frm_checkbox\" id=\"frm_checkbox_40-12\"><label for=\"field_it7qk-12\"><input type=\"checkbox\" name=\"item_meta[40][]\" id=\"field_it7qk-12\" value=\"Jatkuva tai toistuva h\u00e4irint\u00e4\"  data-invmsg=\"Vihateko tai syrjint\u00e4 \u00e4r ogiltigt\" aria-invalid=\"false\"   \/> Jatkuva tai toistuva h\u00e4irint\u00e4<\/label><\/div>\n\t\t<div class=\"frm_checkbox\" id=\"frm_checkbox_40-13\"><label for=\"field_it7qk-13\"><input type=\"checkbox\" name=\"item_meta[40][]\" id=\"field_it7qk-13\" value=\"Verkkoh\u00e4irint\u00e4\"  data-invmsg=\"Vihateko tai syrjint\u00e4 \u00e4r ogiltigt\" aria-invalid=\"false\"   \/> Trakasserier online<\/label><\/div>\n\t\t<div class=\"frm_checkbox\" id=\"frm_checkbox_40-14\"><label for=\"field_it7qk-14\"><input type=\"checkbox\" name=\"item_meta[40][]\" id=\"field_it7qk-14\" value=\"H\u00e4irint\u00e4 kirjein, s\u00e4hk\u00f6postitse, puhelimitse\"  data-invmsg=\"Vihateko tai syrjint\u00e4 \u00e4r ogiltigt\" aria-invalid=\"false\"   \/> Trakasserier per brev, e-post, telefon<\/label><\/div>\n\t\t<div class=\"frm_checkbox\" id=\"frm_checkbox_40-other_15\"><label for=\"field_it7qk-other_15\"><input type=\"checkbox\" name=\"item_meta[40][other_15]\" id=\"field_it7qk-other_15\" value=\"Joku muu, mik\u00e4?\"  data-invmsg=\"Vihateko tai syrjint\u00e4 \u00e4r ogiltigt\" aria-invalid=\"false\"   \/> N\u00e5got annat, vad?<\/label><label for=\"field_it7qk-other_15-otext\" class=\"frm_screen_reader frm_hidden\">N\u00e5got annat, vad?<\/label><input type=\"text\" id=\"field_it7qk-other_15-otext\" class=\"frm_other_input frm_pos_none\"  name=\"item_meta[other][40][other_15]\" value=\"\" \/><\/div>\n<\/div>\r\n    \r\n    \r\n<\/div>\n<div id=\"frm_field_11_container\" class=\"frm_form_field form-field  frm_top_container frm_other_container\">\r\n    <label for=\"field_gu1a9\" id=\"field_gu1a9_label\" class=\"frm_primary_label\">Provins\r\n        <span class=\"frm_required\"><\/span>\r\n    <\/label>\r\n    \t\t<select name=\"item_meta[11]\" id=\"field_gu1a9\"  data-invmsg=\"Maakunta \u00e4r ogiltigt\" class=\"auto_width\" aria-invalid=\"false\"  >\n\t\t<option  value=\"Uusimaa\">Uusimaa<\/option><option  value=\"Varsinais-Suomi\">Varsinais-Suomi<\/option><option  value=\"Satakunta\">Satakunta<\/option><option  value=\"H\u00e4me\">H\u00e4me<\/option><option  value=\"Pirkanmaa\">Pirkanmaa<\/option><option  value=\"P\u00e4ij\u00e4t-H\u00e4me\">P\u00e4ij\u00e4t-H\u00e4me<\/option><option  value=\"Kymenlaakso\">Kymenlaakso<\/option><option  value=\"Etel\u00e4-Karjala\">Etel\u00e4-Karjala<\/option><option  value=\"Etel\u00e4-Savo\">Etel\u00e4-Savo<\/option><option  value=\"Pohjois-Savo\">Pohjois-Savo<\/option><option  value=\"Pohjois-Karjala\">Pohjois-Karjala<\/option><option  value=\"Keski-Suomi\">Keski-Suomi<\/option><option  value=\"Etel\u00e4-Pohjanmaa\">Etel\u00e4-Pohjanmaa<\/option><option  value=\"Pohjanmaa\">Pohjanmaa<\/option><option  value=\"Keski-Pohjanmaa\">Keski-Pohjanmaa<\/option><option  value=\"Pohjois-Pohjanmaa\">Pohjois-Pohjanmaa<\/option><option  value=\"Kainuu\">Kainuu<\/option><option  value=\"Lappi\">Lappi<\/option><option  value=\"Ahvenanmaa\">Ahvenanmaa<\/option><option  value=\"Other...\" class=\"frm_other_trigger\">Other...<\/option>\t<\/select>\n\t<label for=\"field_gu1a9-otext\" class=\"frm_screen_reader frm_hidden\">Provins<\/label><input type=\"text\" id=\"field_gu1a9-otext\" class=\"frm_other_input frm_pos_none\"  name=\"item_meta[other][11]\" value=\"\" \/>\r\n    \r\n    \r\n<\/div>\n<div id=\"frm_field_12_container\" class=\"frm_form_field form-field  frm_top_container\">\r\n    <label for=\"field_uje94\" id=\"field_uje94_label\" class=\"frm_primary_label\">URL om p\u00e5 webben\r\n        <span class=\"frm_required\"><\/span>\r\n    <\/label>\r\n    <input type=\"url\" id=\"field_uje94\" name=\"item_meta[12]\" value=\"\"  data-invmsg=\"Website\/URL is invalid\" aria-invalid=\"false\"  \/>\r\n    \r\n    \r\n<\/div>\n<div id=\"frm_field_45_container\" class=\"frm_form_field form-field  frm_top_container vertical_radio\">\r\n    <div  id=\"field_a0a0i_label\" class=\"frm_primary_label\">Hur har du f\u00e5tt veta om falle\r\n        <span class=\"frm_required\"><\/span>\r\n    <\/div>\r\n    <div class=\"frm_opt_container\" aria-labelledby=\"field_a0a0i_label\" role=\"radiogroup\">\t\t<div class=\"frm_radio\" id=\"frm_radio_45-0\"><label for=\"field_a0a0i-0\">\t\t<input type=\"radio\" name=\"item_meta[45]\" id=\"field_a0a0i-0\" value=\"Olen todistaja\"\n\t\t   data-invmsg=\"Miten tied\u00e4t tapauksesta? \u00e4r ogiltigt\" aria-invalid=\"false\"  \/> Jag \u00e4r ett vittne<\/label><\/div>\n\t\t<div class=\"frm_radio\" id=\"frm_radio_45-1\"><label for=\"field_a0a0i-1\">\t\t<input type=\"radio\" name=\"item_meta[45]\" id=\"field_a0a0i-1\" value=\"Se tapahtui minulle\"\n\t\t   data-invmsg=\"Miten tied\u00e4t tapauksesta? \u00e4r ogiltigt\" aria-invalid=\"false\"  \/> Det h\u00e4nde mig<\/label><\/div>\n<\/div>\r\n    \r\n    \r\n<\/div>\n<div id=\"frm_field_18_container\" class=\"frm_form_field form-field  frm_top_container\">\r\n    <label for=\"field_a5cqi\" id=\"field_a5cqi_label\" class=\"frm_primary_label\">Du kan ber\u00e4tta mer information om hur du vet om \u00e4rendet\r\n        <span class=\"frm_required\"><\/span>\r\n    <\/label>\r\n    <textarea name=\"item_meta[18]\" id=\"field_a5cqi\" rows=\"5\"  data-invmsg=\"Voit kertoa lis\u00e4\u00e4 yksityiskohtia siit\u00e4, miten tied\u00e4t tapauksesta \u00e4r ogiltigt\" aria-invalid=\"false\"  ><\/textarea>\r\n    \r\n    \r\n<\/div>\n<div id=\"frm_field_14_container\" class=\"frm_form_field form-field  frm_top_container\">\r\n    <div  id=\"field_uqxg2_label\" class=\"frm_primary_label\">Du kan ladda ner en fil med information om \u00e4rendet\r\n        <span class=\"frm_required\"><\/span>\r\n    <\/div>\r\n    <input type=\"hidden\" name=\"item_meta[14][]\"  value=\"\" data-frmfile=\"14\" \/>\n\n<div class=\"frm_dropzone frm_multi_upload frm_clearfix\" id=\"file14_dropzone\" role=\"group\" >\n\t<div class=\"fallback\">\n\t\t<input type=\"file\" name=\"file14[]\" id=\"field_uqxg2\"\n\t\t\t data-frmfile=\"14\" multiple=\"multiple\"  data-frmval=\"89-30.04.2026-23:19:50\" data-invmsg=\"There&#039;s a problem with this file. Please try again.\" class=\"auto_width\" aria-invalid=\"false\"  \t\t\t\/>\n\t\t\t\t<div class=\"frm_clearfix\"><\/div>\n\t<\/div>\n\t<div class=\"dz-message needsclick\">\n\t\t\t\t<svg  viewbox=\"0 0 18 18\" class=\"frmsvg frm-svg-icon\">\n\t<path viewbox=\"0 0 18 18\" fill-rule=\"evenodd\" clip-rule=\"evenodd\" d=\"M8.2 4v8a.8.8 0 001.5 0V4l2.1 2.2A.7.7 0 1013 5L9.5 1.7a.7.7 0 00-1.1 0L5.1 5.2a.8.8 0 001 1l2.1-2zm7.6 4.3c.4 0 .7.3.7.7v6.8c0 .4-.3.7-.8.7H2.3a.8.8 0 01-.8-.8V9A.8.8 0 013 9v6h12V9c0-.4.3-.8.8-.8z\"><\/path>\n<\/svg>\t\t<span class=\"frm_upload_text\"><button type=\"button\" aria-label=\"Voit ladata tiedoston, jossa on tapaukseen liittyvi\u00e4 tietoja. Pudota tiedosto t\u00e4h\u00e4n tai lataa napsauttamalla.. Maximum file size: 67.11MB\">Sl\u00e4pp filen h\u00e4r eller klicka f\u00f6r att ladda ner.<\/button><\/span>\n\t\t<span class=\"frm_compact_text\"><button type=\"button\" aria-label=\"Voit ladata tiedoston, jossa on tapaukseen liittyvi\u00e4 tietoja. Choose File. Maximum file size: 67.11MB\">Choose File<\/button><\/span>\n\t\t<div class=\"frm_small_text\">\n\t\t\t<p>Maximum file size: 67.11MB<\/p>\n\t\t<\/div>\n\t<\/div>\n<\/div>\n\r\n    \r\n    \r\n<\/div>\n<input type=\"hidden\" name=\"frm_page_order_2\" id=\"frm_page_order_2\" value=\"11\" \/><input type=\"hidden\" name=\"item_meta[38]\" id=\"field_gbq6u-0\" value=\"\"  data-invmsg=\"Motivaatio vihapuheelle tai -rikokselle &lt;BR&gt;Vihamielisyys tai ennakkoluulot jotain ryhm\u00e4\u00e4 kohtaan (valitse kaikki sopivat)  \u00e4r ogiltigt\"   \/>\n<input type=\"hidden\" name=\"item_meta[43]\" id=\"field_r2qu4\" value=\"\"  data-invmsg=\"Muita tietoja henkil\u00f6ist\u00e4, jotka ovat kohteena? \u00e4r ogiltigt\"   \/>\n<input type=\"hidden\" name=\"item_meta[19]\" id=\"field_wytn\" value=\"\"  data-invmsg=\"Seuraava \u00e4r ogiltigt\"   \/>\n<input type=\"hidden\" name=\"item_meta[21]\" id=\"field_fi6uw\" value=\"\"  data-invmsg=\"Kuvaile tapahtumaa omin sanoin \u00e4r ogiltigt\"   \/>\n<input type=\"hidden\" name=\"item_meta[22]\" id=\"field_kow0r\" value=\"\"  data-invmsg=\"Kuvaile tekij\u00e4\u00e4 (tekij\u00f6it\u00e4) \u00e4r ogiltigt\"   \/>\n<input type=\"hidden\" name=\"item_meta[23]\" id=\"field_hqijb\" value=\"\"  data-invmsg=\"Miksi teko oli mielest\u00e4si vihapuhetta? \u00e4r ogiltigt\"   \/>\n<input type=\"hidden\" name=\"item_meta[41]\" id=\"field_rl1lz\" value=\"\"  data-invmsg=\"Miksi teko oli mielest\u00e4si vihateko tai syrjint\u00e4\u00e4? \u00e4r ogiltigt\"   \/>\n<input type=\"hidden\" name=\"item_meta[42]\" id=\"field_5pvwh\" value=\"\"  data-invmsg=\"Mik\u00e4 vaikutus teolla oli uhriin? \u00e4r ogiltigt\"   \/>\n<input type=\"hidden\" name=\"item_meta[28]\" id=\"field_t2ome\" value=\"\"  data-invmsg=\"Raportoitko tilanteesta viranomaisille? Jos vastasit kyll\u00e4, mit\u00e4 tapahtui?? \u00e4r ogiltigt\"   \/>\n<input type=\"hidden\" name=\"item_meta[25]\" id=\"field_dbzvt\" value=\"\"  data-invmsg=\"Seuraava \u00e4r ogiltigt\"   \/>\n<input type=\"hidden\" name=\"item_meta[27]\" id=\"field_vjcj5\" value=\"\"  data-invmsg=\"Yhteenveto \u00e4r ogiltigt\"   \/>\n<input type=\"hidden\" name=\"item_meta[29]\" id=\"field_eqm1m\" value=\"\"  data-invmsg=\"Haluan ett\u00e4 yhteystietoni v\u00e4litet\u00e4\u00e4n Rikosuhrip\u00e4ivystykselle \u00e4r ogiltigt\"   \/>\n<input type=\"hidden\" name=\"item_meta[30]\" id=\"field_6joif\" value=\"\"  data-invmsg=\"Text is invalid\"   \/>\n<input type=\"hidden\" name=\"item_meta[31]\" id=\"field_wqhnp\" value=\"\"  data-invmsg=\"Email is invalid\"   \/>\n<input type=\"hidden\" name=\"item_meta[32]\" id=\"field_fuw3v-0\" value=\"\"  data-reqmsg=\"This field cannot be blank.\" data-invmsg=\"Tietojenk\u00e4sittelyn  suostumus \u00e4r ogiltigt\"   \/>\n<input type=\"hidden\" name=\"item_meta[47]\" id=\"field_mmlgg\" value=\"\"  data-invmsg=\"Website\/URL \u00e4r ogiltigt\"   \/>\n\t<input type=\"hidden\" name=\"item_key\" value=\"\" \/>\n\t<input name=\"frm_state\" type=\"hidden\" value=\"yycE9smSnfRDTLyW1lFYK6qAGssmEYcI+LSqEiBaMkk=\" \/><div class=\"frm_submit\">\r\n\r\n<button class=\"frm_button_submit\" type=\"submit\"   formnovalidate=\"formnovalidate\">N\u00e4sta<\/button>\r\n\r\n<\/div><\/div>\n<\/fieldset>\n<\/div>\n<input type=\"hidden\" name=\"trp-form-language\" value=\"sv\"\/><\/form>\n<\/div>\n<\/div>\t\t<\/div>\n\t\t\t\t<\/div>\n\t\t\t\t<div class=\"elementor-element elementor-element-3cd409a elementor-widget elementor-widget-shortcode\" data-id=\"3cd409a\" data-element_type=\"widget\" data-widget_type=\"shortcode.default\">\n\t\t\t\t<div class=\"elementor-widget-container\">\n\t\t\t\t\t<div class=\"elementor-shortcode\"><\/div>\n\t\t\t\t<\/div>\n\t\t\t\t<\/div>\n\t\t\t\t\t<\/div>\n\t\t<\/div>\n\t\t\t\t\t\t\t<\/div>\n\t\t<\/section>\n\t\t\t\t\t\t\t<\/div>","protected":false},"excerpt":{"rendered":"<p>Rapportera en hathandling<\/p>","protected":false},"author":1,"featured_media":0,"parent":0,"menu_order":0,"comment_status":"closed","ping_status":"closed","template":"elementor_header_footer","meta":{"footnotes":""},"_links":{"self":[{"href":"https:\/\/www.yhdessavihaavastaan.fi\/sv\/wp-json\/wp\/v2\/pages\/15"}],"collection":[{"href":"https:\/\/www.yhdessavihaavastaan.fi\/sv\/wp-json\/wp\/v2\/pages"}],"about":[{"href":"https:\/\/www.yhdessavihaavastaan.fi\/sv\/wp-json\/wp\/v2\/types\/page"}],"author":[{"embeddable":true,"href":"https:\/\/www.yhdessavihaavastaan.fi\/sv\/wp-json\/wp\/v2\/users\/1"}],"replies":[{"embeddable":true,"href":"https:\/\/www.yhdessavihaavastaan.fi\/sv\/wp-json\/wp\/v2\/comments?post=15"}],"version-history":[{"count":52,"href":"https:\/\/www.yhdessavihaavastaan.fi\/sv\/wp-json\/wp\/v2\/pages\/15\/revisions"}],"predecessor-version":[{"id":7876,"href":"https:\/\/www.yhdessavihaavastaan.fi\/sv\/wp-json\/wp\/v2\/pages\/15\/revisions\/7876"}],"wp:attachment":[{"href":"https:\/\/www.yhdessavihaavastaan.fi\/sv\/wp-json\/wp\/v2\/media?parent=15"}],"curies":[{"name":"wp","href":"https:\/\/api.w.org\/{rel}","templated":true}]}}